{"id":16997,"date":"2022-08-19T16:47:44","date_gmt":"2022-08-19T14:47:44","guid":{"rendered":"https:\/\/www.laurabellariva.it\/privacy-policy\/"},"modified":"2022-08-19T16:47:45","modified_gmt":"2022-08-19T14:47:45","slug":"privacy-policy","status":"publish","type":"page","link":"https:\/\/www.laurabellariva.it\/en\/privacy-policy\/","title":{"rendered":"Privacy Policy"},"content":{"rendered":"<p>[et_pb_section fb_built=&#8221;1&#8243; _builder_version=&#8221;4.16&#8243; global_colors_info=&#8221;{}&#8221; theme_builder_area=&#8221;post_content&#8221;][et_pb_row _builder_version=&#8221;4.16&#8243; background_size=&#8221;initial&#8221; background_position=&#8221;top_left&#8221; background_repeat=&#8221;repeat&#8221; global_colors_info=&#8221;{}&#8221; theme_builder_area=&#8221;post_content&#8221;][et_pb_column type=&#8221;4_4&#8243; _builder_version=&#8221;4.16&#8243; custom_padding=&#8221;|||&#8221; global_colors_info=&#8221;{}&#8221; custom_padding__hover=&#8221;|||&#8221; theme_builder_area=&#8221;post_content&#8221;][et_pb_text _builder_version=&#8221;4.17.4&#8243; _module_preset=&#8221;default&#8221; hover_enabled=&#8221;0&#8243; global_colors_info=&#8221;{}&#8221; theme_builder_area=&#8221;post_content&#8221; sticky_enabled=&#8221;0&#8243;]<\/p>\n<ol>\n<li><strong>Di cosa abbiamo bisogno<\/strong><\/li>\n<\/ol>\n<p>La nostra Politica sulla Protezione dei Dati Personali regola l\u2019uso e la conservazione dei tuoi dati. Puoi vedere la nostra Politica sulla Protezione dei Dati Personali al Link <a href=\"\/?page_id=3438\"><em>[Informativa Completa Privacy]<\/em><\/a><em>.<\/em> (oppure presso la bacheca pubblica all\u2019interno della nostra sede).<\/p>\n<p>Calzaturificio Elio&#8217;S Srl, nella persona del legale rappresentante, \u00e8 il Titolare del trattamento dei dati personali che tu (interessato) ci fornisci. Noi raccogliamo I seguenti tipi di dati personali:<\/p>\n<ul>\n<li><em>Nome<\/em><\/li>\n<li><em>Email<\/em><\/li>\n<\/ul>\n<ol start=\"2\">\n<li><strong>Perch\u00e9 ne abbiamo bisogno<\/strong><\/li>\n<\/ol>\n<p>Abbiamo bisogno dei tuoi dati personali per fornirti i seguenti servizi:<\/p>\n<ul>\n<li><em>Invio di newsletter\u00a0<\/em><\/li>\n<\/ul>\n<ol start=\"3\">\n<li><strong>Cosa ne facciamo e a chi possiamo comunicarli<\/strong><\/li>\n<\/ol>\n<p>I tuoi dati personali vengono trattati nella sede di Calzaturificio Elio&#8217;S Srl<em> \u2013 Via Maestri del Lavoro 16 Zona Industriale \u201cA\u201d 62012 Civitanova Marche (Mc)<\/em>. L\u2019hosting e l\u2019archiviazione dei dati si svolgono in Keliweb Srl<i>,<\/i>\u00a0 situata in 87036 &#8211; Rende (CS), via Bartolomeo Diaz, 35.<\/p>\n<p>Per ognuna delle finalit\u00e0 che ti abbiamo sopra descritto ti indichiamo la \u201cbase giuridica\u201d \u2013 vale a dire, per quali ragioni il trattamento \u00e8 consentito \u2013 precisando quali trattamenti sono necessari e quali dipendono da una tua scelta.<\/p>\n<p>I trattamenti [indicare numerazione su indice] sono necessari per formare ed eseguire i contratti e per adempiere ai connessi obblighi di legge, e comunque per il perseguimento del legittimo interesse della nostra Azienda alla corretta formazione ed esecuzione del rapporto, e per l\u2019adempimento degli obblighi che ne nascono e, in ogni caso, alla tutela delle sue ragioni contrattuali. L\u2019acquisizione dei dati per le finalit\u00e0 indicate \u00e8 dunque necessaria e costituisce un requisito essenziale per la conclusione e l\u2019esecuzione del contratto, in mancanza del quale non sarebbe possibile fornire prodotti e\/o svolgere i servizi.<\/p>\n<p>I trattamenti [indicare numerazione su indice] la base giuridica \u00e8 Consenso dell\u2019interessato.<\/p>\n<p>In ogni caso, per tua massima garanzia, ti potrai informare e\/o opporre in qualunque momento ai trattamenti per tale specifica finalit\u00e0, con le modalit\u00e0 che sono indicate in fondo a questa informativa.<\/p>\n<p>Nessun soggetto terzo ha accesso ai tuoi dati, a meno che non sia specificamente richiesto dalla legge o previsto necessariamente come parte integrante dei nostri obblighi contrattuali nei tuoi confronti, senza i quali verrebbero meno le possibilit\u00e0 di erogarti prodotti e\/o servizi.<\/p>\n<ol start=\"4\">\n<li><strong>Per quanto tempo li conserviamo e con quali modalit\u00e0 sono trattati<\/strong><\/li>\n<\/ol>\n<p>Ai sensi delle norme italiane, siamo tenuti a conservare i documenti che fanno parte dei trattamenti vincolati per legge per un periodo di tempo obbligatorio definito dalle leggi medesime, in base alla nostra Politica di Conservazione dei Dati. Dopo questo periodo, i tuoi dati personali saranno irreversibilmente distrutti o pseudoanonimizzati o resi anonimizzati, in base allo sforzo giudicato migliore rispetto al tipo di dati personali forniti. Tutti i dati personali da noi detenuti per le notifiche di aggiornamento dei nostri prodotti e servizi, o per attivit\u00e0 commerciali e di marketing, o per elaborazioni per attivit\u00e0 non vincolate a termini di legge, saranno conservati fino a quando non ci comunicherai che non desideri pi\u00f9 ricevere tali informazioni e comunque\u00a0 per un massimo di 5 anni. Per maggiori informazioni sul nostro programma di conservazione dei dati personali, vedi la nostra Politica di Conservazione dei Dati.<\/p>\n<p>I dati che ti riguardano saranno trattati con modalit\u00e0 cartacea e\/o elettronica. Per noi la sicurezza e la corretta conservazione dei tuoi dati sono fondamentali, anche per prevenire trattamenti non autorizzati o illeciti e la distruzione o la perdita accidentale dei dati.<\/p>\n<p>\u00c8 per questo che i trattamenti sono svolti nel rispetto di misure di sicurezza adeguate, sia direttamente, che da eventuali Responsabili esterni dei trattamenti e da soggetti posti sotto la loro autorit\u00e0 e adeguatamente istruiti. In caso di proposte congiunte con altri soggetti, queste altre aziende potrebbero operare autonomamente come \u201ctitolari\u201d dei trattamenti da loro svolti, sui quali ti forniranno un\u2019informativa separata.<\/p>\n<ol start=\"5\">\n<li><strong>Quali sono i tuoi diritti e a chi puoi rivolgerti<\/strong><\/li>\n<\/ol>\n<p>Se ritieni che qualsiasi dato personale che conserviamo sia errato o incompleto, puoi richiedere di vedere queste informazioni, correggerle o cancellarle. Ti preghiamo di contattarci tramite il Modulo di Richiesta di Accesso ai Dati, disponibile presso la nostra sede in Via Maestri del Lavoro 16 Zona Industriale \u201cA\u201d 62012 Civitanova Marche (Mc)<em>.<\/em><\/p>\n<p>Nel caso in cui desideri informazioni per come abbiamo gestito i tuoi dati personali, contatta il Calzaturificio Elio&#8217;S Srl, titolare del trattamento, all\u2019indirizzo info@elios.it o per iscritto all\u2019indirizzo Via Maestri del Lavoro 16 Zona Industriale \u201cA\u201d 62012 Civitanova Marche (Mc). Il Calzaturificio Elio&#8217;S Srl, titolare\u00a0del trattamento esaminer\u00e0 la tua richiesta e si adoperer\u00e0 per fornirti tutte le informazioni necessarie.<\/p>\n<p>Se ritieni che i tuoi dati personali non siano stati gestiti in modo appropriato secondo la legge, puoi altres\u00ec contattare il Calzaturificio Elio&#8217;S Srl, titolare\u00a0del trattamento agli indirizzi sopra indicati, oppure inviare una segnalazione all\u2019Autorit\u00e0 per la Protezione dei Dati, raggiungibile al link www.garanteprivacy.it.<\/p>\n<p>[\/et_pb_text][\/et_pb_column][\/et_pb_row][\/et_pb_section]<\/p>\n","protected":false},"excerpt":{"rendered":"<p>Di cosa abbiamo bisogno La nostra Politica sulla Protezione dei Dati Personali regola l\u2019uso e la conservazione dei tuoi dati. Puoi vedere la nostra Politica sulla Protezione dei Dati Personali al Link [Informativa Completa Privacy]. (oppure presso la bacheca pubblica all\u2019interno della nostra sede). Calzaturificio Elio&#8217;S Srl, nella persona del legale rappresentante, \u00e8 il Titolare [&hellip;]<\/p>\n","protected":false},"author":1,"featured_media":0,"parent":0,"menu_order":59,"comment_status":"closed","ping_status":"open","template":"","meta":{"_acf_changed":false,"_et_pb_use_builder":"on","_et_pb_old_content":"","_et_gb_content_width":"","footnotes":""},"acf":[],"_links":{"self":[{"href":"https:\/\/www.laurabellariva.it\/en\/wp-json\/wp\/v2\/pages\/16997"}],"collection":[{"href":"https:\/\/www.laurabellariva.it\/en\/wp-json\/wp\/v2\/pages"}],"about":[{"href":"https:\/\/www.laurabellariva.it\/en\/wp-json\/wp\/v2\/types\/page"}],"author":[{"embeddable":true,"href":"https:\/\/www.laurabellariva.it\/en\/wp-json\/wp\/v2\/users\/1"}],"replies":[{"embeddable":true,"href":"https:\/\/www.laurabellariva.it\/en\/wp-json\/wp\/v2\/comments?post=16997"}],"version-history":[{"count":2,"href":"https:\/\/www.laurabellariva.it\/en\/wp-json\/wp\/v2\/pages\/16997\/revisions"}],"predecessor-version":[{"id":16999,"href":"https:\/\/www.laurabellariva.it\/en\/wp-json\/wp\/v2\/pages\/16997\/revisions\/16999"}],"wp:attachment":[{"href":"https:\/\/www.laurabellariva.it\/en\/wp-json\/wp\/v2\/media?parent=16997"}],"curies":[{"name":"wp","href":"https:\/\/api.w.org\/{rel}","templated":true}]}}